{"id":5294,"date":"2022-07-04T15:58:04","date_gmt":"2022-07-04T13:58:04","guid":{"rendered":"https:\/\/www.asbservice.it\/chi-siamo\/"},"modified":"2022-07-06T14:30:50","modified_gmt":"2022-07-06T12:30:50","slug":"sobre-nosotros","status":"publish","type":"page","link":"https:\/\/www.asbservice.it\/es\/sobre-nosotros\/","title":{"rendered":"Sobre nosotros"},"content":{"rendered":"\n<style type=\"text\/css\" data-created_by=\"avia_inline_auto\" id=\"style-css-av-1g794ya-42a039c56af74fbc295b9850a7e04335\">\n.avia-section.av-1g794ya-42a039c56af74fbc295b9850a7e04335{\nbackground-color:#ffffff;\nbackground-image:unset;\n}\n<\/style>\n<div id='av_section_1'  class='avia-section av-1g794ya-42a039c56af74fbc295b9850a7e04335 main_color avia-section-default avia-no-border-styling  avia-builder-el-0  el_before_av_section  avia-builder-el-first  avia-bg-style-scroll container_wrap fullsize'  ><div class='container av-section-cont-open' ><main  role=\"main\" itemprop=\"mainContentOfPage\"  class='template-page content  av-content-full alpha units'><div class='post-entry post-entry-type-page post-entry-5294'><div class='entry-content-wrapper clearfix'>\n<div class='flex_column_table av-1dsxa8i-ad1448d8accbe5fed5572b063fc875a7 sc-av_one_half av-equal-height-column-flextable'><div class='flex_column av-1dsxa8i-ad1448d8accbe5fed5572b063fc875a7 av_one_half  avia-builder-el-1  el_before_av_one_half  avia-builder-el-first  first flex_column_table_cell av-equal-height-column av-align-middle '   ><style type=\"text\/css\" data-created_by=\"avia_inline_auto\" id=\"style-css-av-1cpa8s2-a7b1413afdbd240e1c30dca51c0d7856\">\n.avia-image-container.av-1cpa8s2-a7b1413afdbd240e1c30dca51c0d7856 .av-image-caption-overlay-center{\ncolor:#ffffff;\n}\n<\/style>\n<div  class='avia-image-container av-1cpa8s2-a7b1413afdbd240e1c30dca51c0d7856 av-styling- av-hover-grow av-hide-overflow avia-align-center  avia-builder-el-2  avia-builder-el-no-sibling  bordofoto'  itemprop=\"image\" itemscope=\"itemscope\" itemtype=\"https:\/\/schema.org\/ImageObject\" ><div class=\"avia-image-container-inner\"><div class=\"avia-image-overlay-wrap\"><img decoding=\"async\" class='wp-image-4676 avia-img-lazy-loading-not-4676 avia_image' src=\"https:\/\/www.asbservice.it\/wp-content\/uploads\/2022\/06\/about_asb_1.jpg\" alt='' title='ASB sede central'  height=\"567\" width=\"850\"  itemprop=\"thumbnailUrl\" srcset=\"https:\/\/www.asbservice.it\/wp-content\/uploads\/2022\/06\/about_asb_1.jpg 850w, https:\/\/www.asbservice.it\/wp-content\/uploads\/2022\/06\/about_asb_1-300x200.jpg 300w, https:\/\/www.asbservice.it\/wp-content\/uploads\/2022\/06\/about_asb_1-768x512.jpg 768w, https:\/\/www.asbservice.it\/wp-content\/uploads\/2022\/06\/about_asb_1-705x470.jpg 705w\" sizes=\"(max-width: 850px) 100vw, 850px\" \/><\/div><\/div><\/div><\/div><div class='av-flex-placeholder'><\/div><div class='flex_column av-1armyfm-e6268edabcabc9e4a1f2618a50a73d4f av_one_half  avia-builder-el-3  el_after_av_one_half  avia-builder-el-last  flex_column_table_cell av-equal-height-column av-align-middle '   ><p>\n<style type=\"text\/css\" data-created_by=\"avia_inline_auto\" id=\"style-css-av-18uuqwy-a4e7557d51a792f92091b9f1755ca8eb\">\n#top .av-special-heading.av-18uuqwy-a4e7557d51a792f92091b9f1755ca8eb{\npadding-bottom:10px;\n}\nbody .av-special-heading.av-18uuqwy-a4e7557d51a792f92091b9f1755ca8eb .av-special-heading-tag .heading-char{\nfont-size:25px;\n}\n.av-special-heading.av-18uuqwy-a4e7557d51a792f92091b9f1755ca8eb .av-subheading{\nfont-size:15px;\n}\n<\/style>\n<div  class='av-special-heading av-18uuqwy-a4e7557d51a792f92091b9f1755ca8eb av-special-heading-h2 meta-heading blockquote modern-quote modern-centered  avia-builder-el-4  el_before_av_hr  avia-builder-el-first '><h2 class='av-special-heading-tag'  itemprop=\"headline\"  >Bienvenido al ASB Service<\/h2><div class=\"special-heading-border\"><div class=\"special-heading-inner-border\"><\/div><\/div><\/div><br \/>\n\n<style type=\"text\/css\" data-created_by=\"avia_inline_auto\" id=\"style-css-av-1838g5u-98e5fd6e367cb1d9896e4801a8367e6f\">\n#top .hr.av-1838g5u-98e5fd6e367cb1d9896e4801a8367e6f{\nmargin-top:0px;\nmargin-bottom:0px;\n}\n.hr.av-1838g5u-98e5fd6e367cb1d9896e4801a8367e6f .hr-inner{\nwidth:75px;\nborder-color:#0e72b7;\n}\n<\/style>\n<div  class='hr av-1838g5u-98e5fd6e367cb1d9896e4801a8367e6f hr-custom  avia-builder-el-5  el_after_av_heading  el_before_av_hr  hr-center hr-icon-no'><span class='hr-inner inner-border-av-border-fat'><span class=\"hr-inner-style\"><\/span><\/span><\/div><br \/>\n\n<style type=\"text\/css\" data-created_by=\"avia_inline_auto\" id=\"style-css-av-15lln1e-6ff2ff805aa618130090f5c83001e55f\">\n#top .hr.hr-invisible.av-15lln1e-6ff2ff805aa618130090f5c83001e55f{\nheight:20px;\n}\n<\/style>\n<div  class='hr av-15lln1e-6ff2ff805aa618130090f5c83001e55f hr-invisible  avia-builder-el-6  el_after_av_hr  el_before_av_textblock '><span class='hr-inner '><span class=\"hr-inner-style\"><\/span><\/span><\/div><br \/>\n<section  class='av_textblock_section av-14fvd8y-a0b4259fc99ec480953f2dc59ffbd6fd'  itemscope=\"itemscope\" itemtype=\"https:\/\/schema.org\/CreativeWork\" ><div class='avia_textblock'  itemprop=\"text\" ><p>ASB SERVICE SRL es el nuevo centro de recambios multimarca <strong>ENFOCADO \u00a0<\/strong>en el servicio a la industria de la transformaci\u00f3n del tis\u00fa y del embalaje.<\/p>\n<p>Desde la instalaci\u00f3n de nuestra primera l\u00ednea de producci\u00f3n en abril de 2021, centramos nuestra actividad en la fabricaci\u00f3n de cuchillas perf\/anvil de alta calidad siguiendo las necesidades de nuestros clientes en cuanto a las <strong>ESPECIFICACIONES<\/strong> del producto, los requisitos de seguridad del embalaje y los plazos de entrega<\/p>\n<p>Adem\u00e1s, a trav\u00e9s de una red mundial de proveedores y fabricantes certificados, estamos especializados en el suministro de <strong>REPUESTOS \u00a0100% COMPATIBLES<\/strong> para las principales marcas de maquinaria de CONVERSION y embalaje de papel tis\u00fa.<\/p>\n<\/div><\/section><\/p><\/div><\/div><!--close column table wrapper. Autoclose: 1 -->\n\n<\/div><\/div><\/main><!-- close content main element --><\/div><\/div>\n<style type=\"text\/css\" data-created_by=\"avia_inline_auto\" id=\"style-css-av-13ai64y-12144e0e0d3182535a3037caa169c432\">\n.avia-section.av-13ai64y-12144e0e0d3182535a3037caa169c432{\nbackground-color:#f3f5f8;\nbackground-image:unset;\n}\n<\/style>\n<div id='av_section_2'  class='avia-section av-13ai64y-12144e0e0d3182535a3037caa169c432 main_color avia-section-default avia-no-border-styling  avia-builder-el-8  el_after_av_section  el_before_av_section  avia-bg-style-scroll container_wrap fullsize'  ><div class='container av-section-cont-open' ><div class='template-page content  av-content-full alpha units'><div class='post-entry post-entry-type-page post-entry-5294'><div class='entry-content-wrapper clearfix'>\n<div class='flex_column_table av-11nv6rm-dad6c4b0c983891c2a83edc250225ed3 sc-av_two_fifth av-equal-height-column-flextable'><div class='flex_column av-11nv6rm-dad6c4b0c983891c2a83edc250225ed3 av_two_fifth  avia-builder-el-9  el_before_av_three_fifth  avia-builder-el-first  first flex_column_table_cell av-equal-height-column av-align-middle '   ><p>\n<style type=\"text\/css\" data-created_by=\"avia_inline_auto\" id=\"style-css-av-zg9qwi-0de9a0b2f00680ffffe996ffa65fbb83\">\n#top .av-special-heading.av-zg9qwi-0de9a0b2f00680ffffe996ffa65fbb83{\npadding-bottom:10px;\n}\nbody .av-special-heading.av-zg9qwi-0de9a0b2f00680ffffe996ffa65fbb83 .av-special-heading-tag .heading-char{\nfont-size:25px;\n}\n.av-special-heading.av-zg9qwi-0de9a0b2f00680ffffe996ffa65fbb83 .av-subheading{\nfont-size:15px;\n}\n<\/style>\n<div  class='av-special-heading av-zg9qwi-0de9a0b2f00680ffffe996ffa65fbb83 av-special-heading-h2 meta-heading blockquote modern-quote modern-centered  avia-builder-el-10  el_before_av_hr  avia-builder-el-first '><h2 class='av-special-heading-tag'  itemprop=\"headline\"  >Nuestra sede central <\/h2><div class=\"special-heading-border\"><div class=\"special-heading-inner-border\"><\/div><\/div><\/div><br \/>\n\n<style type=\"text\/css\" data-created_by=\"avia_inline_auto\" id=\"style-css-av-ymnuzm-88fe3317fad9978a9e6ba2770dbd2407\">\n#top .hr.av-ymnuzm-88fe3317fad9978a9e6ba2770dbd2407{\nmargin-top:0px;\nmargin-bottom:0px;\n}\n.hr.av-ymnuzm-88fe3317fad9978a9e6ba2770dbd2407 .hr-inner{\nwidth:75px;\nborder-color:#0e72b7;\n}\n<\/style>\n<div  class='hr av-ymnuzm-88fe3317fad9978a9e6ba2770dbd2407 hr-custom  avia-builder-el-11  el_after_av_heading  el_before_av_hr  hr-center hr-icon-no'><span class='hr-inner inner-border-av-border-fat'><span class=\"hr-inner-style\"><\/span><\/span><\/div><br \/>\n\n<style type=\"text\/css\" data-created_by=\"avia_inline_auto\" id=\"style-css-av-wmxk0y-ee2d766ee47855d9f650aaf77dffe904\">\n#top .hr.hr-invisible.av-wmxk0y-ee2d766ee47855d9f650aaf77dffe904{\nheight:20px;\n}\n<\/style>\n<div  class='hr av-wmxk0y-ee2d766ee47855d9f650aaf77dffe904 hr-invisible  avia-builder-el-12  el_after_av_hr  el_before_av_textblock '><span class='hr-inner '><span class=\"hr-inner-style\"><\/span><\/span><\/div><br \/>\n<section  class='av_textblock_section av-vdg1eq-70e330505ab7d2bb1f2e483f4f1fb2a7'  itemscope=\"itemscope\" itemtype=\"https:\/\/schema.org\/CreativeWork\" ><div class='avia_textblock'  itemprop=\"text\" ><p>Podemos ofrecer un servicio r\u00e1pido y eficiente gracias a nuestro almac\u00e9n que contiene un enorme stock de piezas de repuesto y cuchillas<\/p>\n<p><strong>Nuestra sede central<\/strong>\u00a0se encuentra en\u00a0<strong>Varese\u00a0<\/strong>(Lombard\u00eda), el centro italiano de la automatizaci\u00f3n y la fabricaci\u00f3n de acero, con dos FILIALES adicionales en Bolonia (el llamado \u00abpackaging Valley \u00ab) y Lucca, el coraz\u00f3n de los convertidores de tejidos italianos<\/p>\n<p><strong>ASB<\/strong> se cre\u00f3 con el objetivo de combinar una producci\u00f3n de cuchillas de alta calidad con una pol\u00edtica de precios rentable y representar una ventaja estrat\u00e9gica para nuestros clientes en sus actividades diarias de conversi\u00f3n<\/p>\n<\/div><\/section><\/p><\/div><div class='av-flex-placeholder'><\/div><div class='flex_column av-sumd2q-00dbb9e6261ace74f0b3c1f3427edb07 av_three_fifth  avia-builder-el-14  el_after_av_two_fifth  avia-builder-el-last  flex_column_table_cell av-equal-height-column av-align-middle '   ><style type=\"text\/css\" data-created_by=\"avia_inline_auto\" id=\"style-css-av-r6l85e-0517ab544e49d833fbd3d3b84bb9ed6d\">\n.avia-image-container.av-r6l85e-0517ab544e49d833fbd3d3b84bb9ed6d .av-image-caption-overlay-center{\ncolor:#ffffff;\n}\n<\/style>\n<div  class='avia-image-container av-r6l85e-0517ab544e49d833fbd3d3b84bb9ed6d av-styling- av-hover-grow av-hide-overflow avia-align-center  avia-builder-el-15  avia-builder-el-no-sibling '  itemprop=\"image\" itemscope=\"itemscope\" itemtype=\"https:\/\/schema.org\/ImageObject\" ><div class=\"avia-image-container-inner\"><div class=\"avia-image-overlay-wrap\"><img decoding=\"async\" class='wp-image-4678 avia-img-lazy-loading-not-4678 avia_image' src=\"https:\/\/www.asbservice.it\/wp-content\/uploads\/2022\/06\/about_asb_3-1030x687.jpg\" alt='' title='maquinaria para la producci\u00f3n de las cuchillas perforadoras'  height=\"687\" width=\"1030\"  itemprop=\"thumbnailUrl\" srcset=\"https:\/\/www.asbservice.it\/wp-content\/uploads\/2022\/06\/about_asb_3-1030x687.jpg 1030w, https:\/\/www.asbservice.it\/wp-content\/uploads\/2022\/06\/about_asb_3-300x200.jpg 300w, https:\/\/www.asbservice.it\/wp-content\/uploads\/2022\/06\/about_asb_3-768x512.jpg 768w, https:\/\/www.asbservice.it\/wp-content\/uploads\/2022\/06\/about_asb_3-705x470.jpg 705w, https:\/\/www.asbservice.it\/wp-content\/uploads\/2022\/06\/about_asb_3.jpg 1417w\" sizes=\"(max-width: 1030px) 100vw, 1030px\" \/><\/div><\/div><\/div><\/div><\/div><!--close column table wrapper. Autoclose: 1 -->\n\n<\/div><\/div><\/div><!-- close content main div --><\/div><\/div>\n<style type=\"text\/css\" data-created_by=\"avia_inline_auto\" id=\"style-css-av-av_section-8cc6fe50b483fd6a119cb274f6d5d195\">\n.avia-section.av-av_section-8cc6fe50b483fd6a119cb274f6d5d195{\nbackground-color:#f3f5f8;\nbackground-image:unset;\nposition:relative;\n}\n.avia-section.av-av_section-8cc6fe50b483fd6a119cb274f6d5d195 .avia-divider-svg-top svg{\nheight:50px;\nwidth:calc(100% + 1.3px);\nfill:#0e74b7;\n}\n<\/style>\n<div id='av_section_3'  class='avia-section av-av_section-8cc6fe50b483fd6a119cb274f6d5d195 main_color avia-section-default avia-no-border-styling  avia-builder-el-16  el_after_av_section  avia-builder-el-last  avia-bg-style-scroll container_wrap fullsize'  ><div class='avia-divider-svg avia-divider-svg-triangle-asymmetrical avia-divider-svg-top avia-flipped-svg avia-svg-negative'><svg xmlns=\"http:\/\/www.w3.org\/2000\/svg\" viewBox=\"0 0 1000 100\" preserveAspectRatio=\"none\">\n\t<path d=\"M737.9,94.7L0,0v100h1000V0L737.9,94.7z\"\/>\n<\/svg><\/div><div class='container av-section-cont-open' ><div class='template-page content  av-content-full alpha units'><div class='post-entry post-entry-type-page post-entry-5294'><div class='entry-content-wrapper clearfix'>\n<div class='flex_column av-av_one_full-a93934ecd89fbb8a9566d39e89cd3725 av_one_full  avia-builder-el-17  avia-builder-el-no-sibling  first flex_column_div '   ><p>\n<style type=\"text\/css\" data-created_by=\"avia_inline_auto\" id=\"style-css-av-av_heading-3c963a81557c3d0fbf056d5d8fd22583\">\n#top .av-special-heading.av-av_heading-3c963a81557c3d0fbf056d5d8fd22583{\npadding-bottom:10px;\n}\nbody .av-special-heading.av-av_heading-3c963a81557c3d0fbf056d5d8fd22583 .av-special-heading-tag .heading-char{\nfont-size:25px;\n}\n.av-special-heading.av-av_heading-3c963a81557c3d0fbf056d5d8fd22583 .av-subheading{\nfont-size:22px;\n}\n<\/style>\n<div  class='av-special-heading av-av_heading-3c963a81557c3d0fbf056d5d8fd22583 av-special-heading-h2 meta-heading blockquote modern-quote modern-centered  avia-builder-el-18  el_before_av_hr  avia-builder-el-first '><h2 class='av-special-heading-tag'  itemprop=\"headline\"  >ASB Service est\u00e1 a su completa disposici\u00f3n <br \/> para cualquier petici\u00f3n<\/h2><div class='av-subheading av-subheading_below'><p>\n<style type=\"text\/css\" data-created_by=\"avia_inline_auto\" id=\"style-css-av-av_hr-50e62ee5b466919e4e4b4ccbd3f15fb0\">\n#top .hr.av-av_hr-50e62ee5b466919e4e4b4ccbd3f15fb0{\nmargin-top:0px;\nmargin-bottom:25px;\n}\n.hr.av-av_hr-50e62ee5b466919e4e4b4ccbd3f15fb0 .hr-inner{\nwidth:75px;\nborder-color:#0e72b7;\n}\n<\/style>\n<div  class='hr av-av_hr-50e62ee5b466919e4e4b4ccbd3f15fb0 hr-custom  avia-builder-el-19  avia-builder-el-no-sibling  hr-center hr-icon-no'><span class='hr-inner inner-border-av-border-fat'><span class=\"hr-inner-style\"><\/span><\/span><\/div><br \/>\nPuede comunicarse con nosotros por tel\u00e9fono al +39 0332 161 0518 y por correo electr\u00f3nico a: <a href=\"mailto:info@asbservice.it\">info@asbservice.it<\/a><br \/>Necesita urgentemente piezas de repuesto? Entonces utilice el siguiente formulario de contacto y nos pondremos en contacto con usted<\/p>\n<\/div><div class=\"special-heading-border\"><div class=\"special-heading-inner-border\"><\/div><\/div><\/div><br \/>\n\n<style type=\"text\/css\" data-created_by=\"avia_inline_auto\" id=\"style-css-av-av_hr-0d36c1137c15623ed5fcec814ce5fc5e\">\n#top .hr.hr-invisible.av-av_hr-0d36c1137c15623ed5fcec814ce5fc5e{\nheight:25px;\n}\n<\/style>\n<div  class='hr av-av_hr-0d36c1137c15623ed5fcec814ce5fc5e hr-invisible  avia-builder-el-20  el_after_av_heading  el_before_av_contact '><span class='hr-inner '><span class=\"hr-inner-style\"><\/span><\/span><\/div><br \/>\n<form action=\"https:\/\/www.asbservice.it\/es\/sobre-nosotros\/\" method=\"post\"  class=\"avia_ajax_form av-form-labels-hidden   avia-builder-el-21  el_after_av_hr  avia-builder-el-last   \" data-avia-form-id=\"1\" data-avia-redirect='' ><fieldset><p class='  first_form  form_element form_element_half' id='element_avia_1_1'><label for=\"avia_1_1\">Agencia <abbr class=\"required\" title=\"requerido\">*<\/abbr><\/label> <input name=\"avia_1_1\" class=\"text_input is_empty\" type=\"text\" id=\"avia_1_1\" value=\"\"  placeholder='Agencia*'\/><\/p><p class='  form_element form_element_half' id='element_avia_2_1'><label for=\"avia_2_1\">Pa\u00eds <abbr class=\"required\" title=\"requerido\">*<\/abbr><\/label> <input name=\"avia_2_1\" class=\"text_input is_empty\" type=\"text\" id=\"avia_2_1\" value=\"\"  placeholder='Pa\u00eds*'\/><\/p><p class='  first_form  form_element form_element_half' id='element_avia_3_1'><label for=\"avia_3_1\">Primer nombre <abbr class=\"required\" title=\"requerido\">*<\/abbr><\/label> <input name=\"avia_3_1\" class=\"text_input is_empty\" type=\"text\" id=\"avia_3_1\" value=\"\"  placeholder='Primer nombre*'\/><\/p><p class='  form_element form_element_half' id='element_avia_4_1'><label for=\"avia_4_1\">Apellido <abbr class=\"required\" title=\"requerido\">*<\/abbr><\/label> <input name=\"avia_4_1\" class=\"text_input is_empty\" type=\"text\" id=\"avia_4_1\" value=\"\"  placeholder='Apellido*'\/><\/p><p class='  first_form  form_element form_element_half' id='element_avia_5_1'><label for=\"avia_5_1\">N\u00famero de tel\u00e9fono: <abbr class=\"required\" title=\"requerido\">*<\/abbr><\/label> <input name=\"avia_5_1\" class=\"text_input is_phone\" type=\"text\" id=\"avia_5_1\" value=\"\"  placeholder='N\u00famero de tel\u00e9fono:*'\/><\/p><p class='  form_element form_element_half' id='element_avia_6_1'><label for=\"avia_6_1\">E-Mail <abbr class=\"required\" title=\"requerido\">*<\/abbr><\/label> <input name=\"avia_6_1\" class=\"text_input is_email\" type=\"text\" id=\"avia_6_1\" value=\"\"  placeholder='E-Mail*'\/><\/p><p class='  first_form  form_element form_fullwidth' id='element_avia_7_1'><label for=\"avia_7_1\">Objeto <abbr class=\"required\" title=\"requerido\">*<\/abbr><\/label> <input name=\"avia_7_1\" class=\"text_input is_empty\" type=\"text\" id=\"avia_7_1\" value=\"\"  placeholder='Objeto*'\/><\/p><p class='  first_form  form_element form_fullwidth' id='element_avia_8_1'><label for=\"avia_8_1\" class=\"textare_label hidden textare_label_avia_8_1\">Mensaje <abbr class=\"required\" title=\"requerido\">*<\/abbr><\/label><textarea  placeholder='Mensaje*' name=\"avia_8_1\" class=\"text_area is_empty\" cols=\"40\" rows=\"7\" id=\"avia_8_1\" ><\/textarea><\/p><p class='  first_form  form_element form_fullwidth av-last-visible-form-element' id='element_avia_9_1'><input  name=\"avia_9_1\" class=\"input_checkbox is_empty\" type=\"checkbox\" id=\"avia_9_1\" value=\"true\"\/><label class=\"input_checkbox_label\" for=\"avia_9_1\">He le\u00eddo la pol\u00edtica de privacidad disponible <a href=\"https:\/\/www.asbservice.it\/es\/privacy-policy\" target=\"_blank\" rel=\"noopener\"> aqu\u00ed <\/a> <abbr class=\"required\" title=\"requerido\">*<\/abbr><\/label><\/p><p class=\"hidden\"><input type=\"text\" name=\"avia_10_1\" class=\"hidden \" id=\"avia_10_1\" value=\"\" \/><\/p><p class=\"form_element \"><input type=\"hidden\" value=\"1\" name=\"avia_generated_form1\" \/><input type=\"submit\" value=\"Enviar formulario\" class=\"button\"  data-sending-label=\"Enviando\"\/><\/p><\/fieldset><\/form><div id=\"ajaxresponse_1\" class=\"ajaxresponse ajaxresponse_1 hidden\"><\/div><\/p><\/div>\n","protected":false},"excerpt":{"rendered":"","protected":false},"author":1,"featured_media":0,"parent":0,"menu_order":20,"comment_status":"closed","ping_status":"closed","template":"","meta":{"footnotes":""},"class_list":["post-5294","page","type-page","status-publish","hentry"],"yoast_head":"<!-- This site is optimized with the Yoast SEO plugin v25.1 - https:\/\/yoast.com\/wordpress\/plugins\/seo\/ -->\n<title>Sobre nosotros - Asb Service Srl<\/title>\n<meta name=\"robots\" content=\"index, follow, max-snippet:-1, max-image-preview:large, max-video-preview:-1\" \/>\n<link rel=\"canonical\" href=\"https:\/\/www.asbservice.it\/es\/sobre-nosotros\/\" \/>\n<meta property=\"og:locale\" content=\"es_ES\" \/>\n<meta property=\"og:type\" content=\"article\" \/>\n<meta property=\"og:title\" content=\"Sobre nosotros - Asb Service Srl\" \/>\n<meta property=\"og:url\" content=\"https:\/\/www.asbservice.it\/es\/sobre-nosotros\/\" \/>\n<meta property=\"og:site_name\" content=\"Asb Service Srl\" \/>\n<meta property=\"article:modified_time\" content=\"2022-07-06T12:30:50+00:00\" \/>\n<meta name=\"twitter:card\" content=\"summary_large_image\" \/>\n<meta name=\"twitter:label1\" content=\"Tiempo de lectura\" \/>\n\t<meta name=\"twitter:data1\" content=\"17 minutos\" \/>\n<script type=\"application\/ld+json\" class=\"yoast-schema-graph\">{\"@context\":\"https:\/\/schema.org\",\"@graph\":[{\"@type\":\"WebPage\",\"@id\":\"https:\/\/www.asbservice.it\/es\/sobre-nosotros\/\",\"url\":\"https:\/\/www.asbservice.it\/es\/sobre-nosotros\/\",\"name\":\"Sobre nosotros - Asb Service Srl\",\"isPartOf\":{\"@id\":\"https:\/\/www.asbservice.it\/#website\"},\"datePublished\":\"2022-07-04T13:58:04+00:00\",\"dateModified\":\"2022-07-06T12:30:50+00:00\",\"breadcrumb\":{\"@id\":\"https:\/\/www.asbservice.it\/es\/sobre-nosotros\/#breadcrumb\"},\"inLanguage\":\"es\",\"potentialAction\":[{\"@type\":\"ReadAction\",\"target\":[\"https:\/\/www.asbservice.it\/es\/sobre-nosotros\/\"]}]},{\"@type\":\"BreadcrumbList\",\"@id\":\"https:\/\/www.asbservice.it\/es\/sobre-nosotros\/#breadcrumb\",\"itemListElement\":[{\"@type\":\"ListItem\",\"position\":1,\"name\":\"Home\",\"item\":\"https:\/\/www.asbservice.it\/es\/\"},{\"@type\":\"ListItem\",\"position\":2,\"name\":\"Sobre nosotros\"}]},{\"@type\":\"WebSite\",\"@id\":\"https:\/\/www.asbservice.it\/#website\",\"url\":\"https:\/\/www.asbservice.it\/\",\"name\":\"Asb Service Srl\",\"description\":\"Il nuovo hub di ricambi multimarca per l\u2019industria della carta tissue\",\"publisher\":{\"@id\":\"https:\/\/www.asbservice.it\/#organization\"},\"potentialAction\":[{\"@type\":\"SearchAction\",\"target\":{\"@type\":\"EntryPoint\",\"urlTemplate\":\"https:\/\/www.asbservice.it\/?s={search_term_string}\"},\"query-input\":{\"@type\":\"PropertyValueSpecification\",\"valueRequired\":true,\"valueName\":\"search_term_string\"}}],\"inLanguage\":\"es\"},{\"@type\":\"Organization\",\"@id\":\"https:\/\/www.asbservice.it\/#organization\",\"name\":\"ASB Service Srl\",\"url\":\"https:\/\/www.asbservice.it\/\",\"logo\":{\"@type\":\"ImageObject\",\"inLanguage\":\"es\",\"@id\":\"https:\/\/www.asbservice.it\/#\/schema\/logo\/image\/\",\"url\":\"https:\/\/www.asbservice.it\/wp-content\/uploads\/2022\/06\/LOGO-ASB-senza-claim468-156.png\",\"contentUrl\":\"https:\/\/www.asbservice.it\/wp-content\/uploads\/2022\/06\/LOGO-ASB-senza-claim468-156.png\",\"width\":468,\"height\":156,\"caption\":\"ASB Service Srl\"},\"image\":{\"@id\":\"https:\/\/www.asbservice.it\/#\/schema\/logo\/image\/\"}}]}<\/script>\n<!-- \/ Yoast SEO plugin. -->","yoast_head_json":{"title":"Sobre nosotros - Asb Service Srl","robots":{"index":"index","follow":"follow","max-snippet":"max-snippet:-1","max-image-preview":"max-image-preview:large","max-video-preview":"max-video-preview:-1"},"canonical":"https:\/\/www.asbservice.it\/es\/sobre-nosotros\/","og_locale":"es_ES","og_type":"article","og_title":"Sobre nosotros - Asb Service Srl","og_url":"https:\/\/www.asbservice.it\/es\/sobre-nosotros\/","og_site_name":"Asb Service Srl","article_modified_time":"2022-07-06T12:30:50+00:00","twitter_card":"summary_large_image","twitter_misc":{"Tiempo de lectura":"17 minutos"},"schema":{"@context":"https:\/\/schema.org","@graph":[{"@type":"WebPage","@id":"https:\/\/www.asbservice.it\/es\/sobre-nosotros\/","url":"https:\/\/www.asbservice.it\/es\/sobre-nosotros\/","name":"Sobre nosotros - Asb Service Srl","isPartOf":{"@id":"https:\/\/www.asbservice.it\/#website"},"datePublished":"2022-07-04T13:58:04+00:00","dateModified":"2022-07-06T12:30:50+00:00","breadcrumb":{"@id":"https:\/\/www.asbservice.it\/es\/sobre-nosotros\/#breadcrumb"},"inLanguage":"es","potentialAction":[{"@type":"ReadAction","target":["https:\/\/www.asbservice.it\/es\/sobre-nosotros\/"]}]},{"@type":"BreadcrumbList","@id":"https:\/\/www.asbservice.it\/es\/sobre-nosotros\/#breadcrumb","itemListElement":[{"@type":"ListItem","position":1,"name":"Home","item":"https:\/\/www.asbservice.it\/es\/"},{"@type":"ListItem","position":2,"name":"Sobre nosotros"}]},{"@type":"WebSite","@id":"https:\/\/www.asbservice.it\/#website","url":"https:\/\/www.asbservice.it\/","name":"Asb Service Srl","description":"Il nuovo hub di ricambi multimarca per l\u2019industria della carta tissue","publisher":{"@id":"https:\/\/www.asbservice.it\/#organization"},"potentialAction":[{"@type":"SearchAction","target":{"@type":"EntryPoint","urlTemplate":"https:\/\/www.asbservice.it\/?s={search_term_string}"},"query-input":{"@type":"PropertyValueSpecification","valueRequired":true,"valueName":"search_term_string"}}],"inLanguage":"es"},{"@type":"Organization","@id":"https:\/\/www.asbservice.it\/#organization","name":"ASB Service Srl","url":"https:\/\/www.asbservice.it\/","logo":{"@type":"ImageObject","inLanguage":"es","@id":"https:\/\/www.asbservice.it\/#\/schema\/logo\/image\/","url":"https:\/\/www.asbservice.it\/wp-content\/uploads\/2022\/06\/LOGO-ASB-senza-claim468-156.png","contentUrl":"https:\/\/www.asbservice.it\/wp-content\/uploads\/2022\/06\/LOGO-ASB-senza-claim468-156.png","width":468,"height":156,"caption":"ASB Service Srl"},"image":{"@id":"https:\/\/www.asbservice.it\/#\/schema\/logo\/image\/"}}]}},"_links":{"self":[{"href":"https:\/\/www.asbservice.it\/es\/wp-json\/wp\/v2\/pages\/5294","targetHints":{"allow":["GET"]}}],"collection":[{"href":"https:\/\/www.asbservice.it\/es\/wp-json\/wp\/v2\/pages"}],"about":[{"href":"https:\/\/www.asbservice.it\/es\/wp-json\/wp\/v2\/types\/page"}],"author":[{"embeddable":true,"href":"https:\/\/www.asbservice.it\/es\/wp-json\/wp\/v2\/users\/1"}],"replies":[{"embeddable":true,"href":"https:\/\/www.asbservice.it\/es\/wp-json\/wp\/v2\/comments?post=5294"}],"version-history":[{"count":5,"href":"https:\/\/www.asbservice.it\/es\/wp-json\/wp\/v2\/pages\/5294\/revisions"}],"predecessor-version":[{"id":5327,"href":"https:\/\/www.asbservice.it\/es\/wp-json\/wp\/v2\/pages\/5294\/revisions\/5327"}],"wp:attachment":[{"href":"https:\/\/www.asbservice.it\/es\/wp-json\/wp\/v2\/media?parent=5294"}],"curies":[{"name":"wp","href":"https:\/\/api.w.org\/{rel}","templated":true}]}}