{"id":5302,"date":"2022-07-04T16:00:42","date_gmt":"2022-07-04T14:00:42","guid":{"rendered":"https:\/\/www.asbservice.it\/servizi\/"},"modified":"2022-07-06T14:31:14","modified_gmt":"2022-07-06T12:31:14","slug":"nuestros-servicios","status":"publish","type":"page","link":"https:\/\/www.asbservice.it\/es\/nuestros-servicios\/","title":{"rendered":"Nuestros servicios"},"content":{"rendered":"\n<style type=\"text\/css\" data-created_by=\"avia_inline_auto\" id=\"style-css-av-1497yfk-ee50894f2088cdc81a06b148d8930427\">\n.avia-section.av-1497yfk-ee50894f2088cdc81a06b148d8930427{\nbackground-color:#ffffff;\nbackground-image:unset;\n}\n<\/style>\n<div id='av_section_1'  class='avia-section av-1497yfk-ee50894f2088cdc81a06b148d8930427 main_color avia-section-default avia-no-border-styling  avia-builder-el-0  el_before_av_section  avia-builder-el-first  avia-bg-style-scroll container_wrap fullsize'  ><div class='container av-section-cont-open' ><main  role=\"main\" itemprop=\"mainContentOfPage\"  class='template-page content  av-content-full alpha units'><div class='post-entry post-entry-type-page post-entry-5302'><div class='entry-content-wrapper clearfix'>\n<div class='flex_column av-12hd034-f26117bbdafdbf951c474159bf6f8015 av_one_half  avia-builder-el-1  el_before_av_one_half  avia-builder-el-first  first flex_column_div '   ><p>\n<style type=\"text\/css\" data-created_by=\"avia_inline_auto\" id=\"style-css-av-10n98sg-272df238233b615b781b95e715743044\">\n#top .av-special-heading.av-10n98sg-272df238233b615b781b95e715743044{\npadding-bottom:10px;\n}\nbody .av-special-heading.av-10n98sg-272df238233b615b781b95e715743044 .av-special-heading-tag .heading-char{\nfont-size:25px;\n}\n.av-special-heading.av-10n98sg-272df238233b615b781b95e715743044 .av-subheading{\nfont-size:15px;\n}\n<\/style>\n<div  class='av-special-heading av-10n98sg-272df238233b615b781b95e715743044 av-special-heading-h2 meta-heading blockquote modern-quote modern-centered  avia-builder-el-2  el_before_av_hr  avia-builder-el-first '><h2 class='av-special-heading-tag'  itemprop=\"headline\"  >Nuestros servicios<\/h2><div class=\"special-heading-border\"><div class=\"special-heading-inner-border\"><\/div><\/div><\/div><br \/>\n\n<style type=\"text\/css\" data-created_by=\"avia_inline_auto\" id=\"style-css-av-z09egg-f333df4bb9f5770c76024cbad093b9a5\">\n#top .hr.av-z09egg-f333df4bb9f5770c76024cbad093b9a5{\nmargin-top:0px;\nmargin-bottom:0px;\n}\n.hr.av-z09egg-f333df4bb9f5770c76024cbad093b9a5 .hr-inner{\nwidth:75px;\nborder-color:#0e72b7;\n}\n<\/style>\n<div  class='hr av-z09egg-f333df4bb9f5770c76024cbad093b9a5 hr-custom  avia-builder-el-3  el_after_av_heading  el_before_av_hr  hr-center hr-icon-no'><span class='hr-inner inner-border-av-border-fat'><span class=\"hr-inner-style\"><\/span><\/span><\/div><br \/>\n\n<style type=\"text\/css\" data-created_by=\"avia_inline_auto\" id=\"style-css-av-xfkxo0-59743c8ad7c8b19ce9e6582b20aa8d42\">\n#top .hr.hr-invisible.av-xfkxo0-59743c8ad7c8b19ce9e6582b20aa8d42{\nheight:20px;\n}\n<\/style>\n<div  class='hr av-xfkxo0-59743c8ad7c8b19ce9e6582b20aa8d42 hr-invisible  avia-builder-el-4  el_after_av_hr  el_before_av_textblock '><span class='hr-inner '><span class=\"hr-inner-style\"><\/span><\/span><\/div><br \/>\n<section  class='av_textblock_section av-l59klsm7-99d1cf60e38e75292fa1c73451455667'  itemscope=\"itemscope\" itemtype=\"https:\/\/schema.org\/CreativeWork\" ><div class='avia_textblock'  itemprop=\"text\" ><ul>\n<li>Respuesta r\u00e1pida a sus consultas<\/li>\n<li>Producci\u00f3n en l\u00ednea r\u00e1pida en 24\/48 horas para cuchillas perf\/anvil sin costes adicionales<\/li>\n<li>Posibilidad de establecer un programa de stock en consignaci\u00f3n<\/li>\n<li>Asistencia t\u00e9cnica para problemas de perforaci\u00f3n de tejidos y de uni\u00f3n de capas<\/li>\n<li>Trazabilidad completa de los lotes de productos y de los env\u00edos<\/li>\n<li>Afilado de cuchillas circulares<\/li>\n<li>Afilado de cuchillas rectas<\/li>\n<\/ul>\n<\/div><\/section><\/p><\/div><div class='flex_column av-v2rits-48de7baa03cda954a81ad55dd0a02500 av_one_half  avia-builder-el-6  el_after_av_one_half  avia-builder-el-last  flex_column_div '   ><style type=\"text\/css\" data-created_by=\"avia_inline_auto\" id=\"style-css-av-sqk6qo-11a280decee8540e39249a42ae4b7963\">\n.avia-image-container.av-sqk6qo-11a280decee8540e39249a42ae4b7963 .av-image-caption-overlay-center{\ncolor:#ffffff;\n}\n<\/style>\n<div  class='avia-image-container av-sqk6qo-11a280decee8540e39249a42ae4b7963 av-styling- av-hover-grow av-hide-overflow avia-align-center  avia-builder-el-7  avia-builder-el-no-sibling '  itemprop=\"image\" itemscope=\"itemscope\" itemtype=\"https:\/\/schema.org\/ImageObject\" ><div class=\"avia-image-container-inner\"><div class=\"avia-image-overlay-wrap\"><img decoding=\"async\" class='wp-image-4448 avia-img-lazy-loading-not-4448 avia_image' src=\"https:\/\/www.asbservice.it\/wp-content\/uploads\/2022\/06\/affilatura-definitiva3.jpg\" alt='' title='affilatura-definitiva3'  height=\"700\" width=\"700\"  itemprop=\"thumbnailUrl\" srcset=\"https:\/\/www.asbservice.it\/wp-content\/uploads\/2022\/06\/affilatura-definitiva3.jpg 700w, https:\/\/www.asbservice.it\/wp-content\/uploads\/2022\/06\/affilatura-definitiva3-300x300.jpg 300w, https:\/\/www.asbservice.it\/wp-content\/uploads\/2022\/06\/affilatura-definitiva3-80x80.jpg 80w, https:\/\/www.asbservice.it\/wp-content\/uploads\/2022\/06\/affilatura-definitiva3-36x36.jpg 36w, https:\/\/www.asbservice.it\/wp-content\/uploads\/2022\/06\/affilatura-definitiva3-180x180.jpg 180w\" sizes=\"(max-width: 700px) 100vw, 700px\" \/><\/div><\/div><\/div><\/div>\n\n<\/div><\/div><\/main><!-- close content main element --><\/div><\/div>\n<style type=\"text\/css\" data-created_by=\"avia_inline_auto\" id=\"style-css-av-av_section-8cc6fe50b483fd6a119cb274f6d5d195\">\n.avia-section.av-av_section-8cc6fe50b483fd6a119cb274f6d5d195{\nbackground-color:#f3f5f8;\nbackground-image:unset;\nposition:relative;\n}\n.avia-section.av-av_section-8cc6fe50b483fd6a119cb274f6d5d195 .avia-divider-svg-top svg{\nheight:50px;\nwidth:calc(100% + 1.3px);\nfill:#0e74b7;\n}\n<\/style>\n<div id='av_section_2'  class='avia-section av-av_section-8cc6fe50b483fd6a119cb274f6d5d195 main_color avia-section-default avia-no-border-styling  avia-builder-el-8  el_after_av_section  avia-builder-el-last  avia-bg-style-scroll container_wrap fullsize'  ><div class='avia-divider-svg avia-divider-svg-triangle-asymmetrical avia-divider-svg-top avia-flipped-svg avia-svg-negative'><svg xmlns=\"http:\/\/www.w3.org\/2000\/svg\" viewBox=\"0 0 1000 100\" preserveAspectRatio=\"none\">\n\t<path d=\"M737.9,94.7L0,0v100h1000V0L737.9,94.7z\"\/>\n<\/svg><\/div><div class='container av-section-cont-open' ><div class='template-page content  av-content-full alpha units'><div class='post-entry post-entry-type-page post-entry-5302'><div class='entry-content-wrapper clearfix'>\n<div class='flex_column av-av_one_full-a93934ecd89fbb8a9566d39e89cd3725 av_one_full  avia-builder-el-9  avia-builder-el-no-sibling  first flex_column_div '   ><p>\n<style type=\"text\/css\" data-created_by=\"avia_inline_auto\" id=\"style-css-av-av_heading-3c963a81557c3d0fbf056d5d8fd22583\">\n#top .av-special-heading.av-av_heading-3c963a81557c3d0fbf056d5d8fd22583{\npadding-bottom:10px;\n}\nbody .av-special-heading.av-av_heading-3c963a81557c3d0fbf056d5d8fd22583 .av-special-heading-tag .heading-char{\nfont-size:25px;\n}\n.av-special-heading.av-av_heading-3c963a81557c3d0fbf056d5d8fd22583 .av-subheading{\nfont-size:22px;\n}\n<\/style>\n<div  class='av-special-heading av-av_heading-3c963a81557c3d0fbf056d5d8fd22583 av-special-heading-h2 meta-heading blockquote modern-quote modern-centered  avia-builder-el-10  el_before_av_hr  avia-builder-el-first '><h2 class='av-special-heading-tag'  itemprop=\"headline\"  >ASB Service est\u00e1 a su completa disposici\u00f3n <br \/> para cualquier petici\u00f3n<\/h2><div class='av-subheading av-subheading_below'><p>\n<style type=\"text\/css\" data-created_by=\"avia_inline_auto\" id=\"style-css-av-av_hr-50e62ee5b466919e4e4b4ccbd3f15fb0\">\n#top .hr.av-av_hr-50e62ee5b466919e4e4b4ccbd3f15fb0{\nmargin-top:0px;\nmargin-bottom:25px;\n}\n.hr.av-av_hr-50e62ee5b466919e4e4b4ccbd3f15fb0 .hr-inner{\nwidth:75px;\nborder-color:#0e72b7;\n}\n<\/style>\n<div  class='hr av-av_hr-50e62ee5b466919e4e4b4ccbd3f15fb0 hr-custom  avia-builder-el-11  avia-builder-el-no-sibling  hr-center hr-icon-no'><span class='hr-inner inner-border-av-border-fat'><span class=\"hr-inner-style\"><\/span><\/span><\/div><br \/>\nPuede comunicarse con nosotros por tel\u00e9fono al +39 0332 161 0518 y por correo electr\u00f3nico a: <a href=\"mailto:info@asbservice.it\">info@asbservice.it<\/a><br \/>Necesita urgentemente piezas de repuesto? Entonces utilice el siguiente formulario de contacto y nos pondremos en contacto con usted<\/p>\n<\/div><div class=\"special-heading-border\"><div class=\"special-heading-inner-border\"><\/div><\/div><\/div><br \/>\n\n<style type=\"text\/css\" data-created_by=\"avia_inline_auto\" id=\"style-css-av-av_hr-0d36c1137c15623ed5fcec814ce5fc5e\">\n#top .hr.hr-invisible.av-av_hr-0d36c1137c15623ed5fcec814ce5fc5e{\nheight:25px;\n}\n<\/style>\n<div  class='hr av-av_hr-0d36c1137c15623ed5fcec814ce5fc5e hr-invisible  avia-builder-el-12  el_after_av_heading  el_before_av_contact '><span class='hr-inner '><span class=\"hr-inner-style\"><\/span><\/span><\/div><br \/>\n<form action=\"https:\/\/www.asbservice.it\/es\/nuestros-servicios\/\" method=\"post\"  class=\"avia_ajax_form av-form-labels-hidden   avia-builder-el-13  el_after_av_hr  avia-builder-el-last   \" data-avia-form-id=\"1\" data-avia-redirect='' ><fieldset><p class='  first_form  form_element form_element_half' id='element_avia_1_1'><label for=\"avia_1_1\">Agencia <abbr class=\"required\" title=\"requerido\">*<\/abbr><\/label> <input name=\"avia_1_1\" class=\"text_input is_empty\" type=\"text\" id=\"avia_1_1\" value=\"\"  placeholder='Agencia*'\/><\/p><p class='  form_element form_element_half' id='element_avia_2_1'><label for=\"avia_2_1\">Pa\u00eds <abbr class=\"required\" title=\"requerido\">*<\/abbr><\/label> <input name=\"avia_2_1\" class=\"text_input is_empty\" type=\"text\" id=\"avia_2_1\" value=\"\"  placeholder='Pa\u00eds*'\/><\/p><p class='  first_form  form_element form_element_half' id='element_avia_3_1'><label for=\"avia_3_1\">Primer nombre <abbr class=\"required\" title=\"requerido\">*<\/abbr><\/label> <input name=\"avia_3_1\" class=\"text_input is_empty\" type=\"text\" id=\"avia_3_1\" value=\"\"  placeholder='Primer nombre*'\/><\/p><p class='  form_element form_element_half' id='element_avia_4_1'><label for=\"avia_4_1\">Apellido <abbr class=\"required\" title=\"requerido\">*<\/abbr><\/label> <input name=\"avia_4_1\" class=\"text_input is_empty\" type=\"text\" id=\"avia_4_1\" value=\"\"  placeholder='Apellido*'\/><\/p><p class='  first_form  form_element form_element_half' id='element_avia_5_1'><label for=\"avia_5_1\">N\u00famero de tel\u00e9fono: <abbr class=\"required\" title=\"requerido\">*<\/abbr><\/label> <input name=\"avia_5_1\" class=\"text_input is_phone\" type=\"text\" id=\"avia_5_1\" value=\"\"  placeholder='N\u00famero de tel\u00e9fono:*'\/><\/p><p class='  form_element form_element_half' id='element_avia_6_1'><label for=\"avia_6_1\">E-Mail <abbr class=\"required\" title=\"requerido\">*<\/abbr><\/label> <input name=\"avia_6_1\" class=\"text_input is_email\" type=\"text\" id=\"avia_6_1\" value=\"\"  placeholder='E-Mail*'\/><\/p><p class='  first_form  form_element form_fullwidth' id='element_avia_7_1'><label for=\"avia_7_1\">Objeto <abbr class=\"required\" title=\"requerido\">*<\/abbr><\/label> <input name=\"avia_7_1\" class=\"text_input is_empty\" type=\"text\" id=\"avia_7_1\" value=\"\"  placeholder='Objeto*'\/><\/p><p class='  first_form  form_element form_fullwidth' id='element_avia_8_1'><label for=\"avia_8_1\" class=\"textare_label hidden textare_label_avia_8_1\">Mensaje <abbr class=\"required\" title=\"requerido\">*<\/abbr><\/label><textarea  placeholder='Mensaje*' name=\"avia_8_1\" class=\"text_area is_empty\" cols=\"40\" rows=\"7\" id=\"avia_8_1\" ><\/textarea><\/p><p class='  first_form  form_element form_fullwidth av-last-visible-form-element' id='element_avia_9_1'><input  name=\"avia_9_1\" class=\"input_checkbox is_empty\" type=\"checkbox\" id=\"avia_9_1\" value=\"true\"\/><label class=\"input_checkbox_label\" for=\"avia_9_1\">He le\u00eddo la pol\u00edtica de privacidad disponible <a href=\"https:\/\/www.asbservice.it\/es\/privacy-policy\" target=\"_blank\" rel=\"noopener\"> aqu\u00ed <\/a> <abbr class=\"required\" title=\"requerido\">*<\/abbr><\/label><\/p><p class=\"hidden\"><input type=\"text\" name=\"avia_10_1\" class=\"hidden \" id=\"avia_10_1\" value=\"\" \/><\/p><p class=\"form_element \"><input type=\"hidden\" value=\"1\" name=\"avia_generated_form1\" \/><input type=\"submit\" value=\"Enviar formulario\" class=\"button\"  data-sending-label=\"Enviando\"\/><\/p><\/fieldset><\/form><div id=\"ajaxresponse_1\" class=\"ajaxresponse ajaxresponse_1 hidden\"><\/div><\/p><\/div>\n","protected":false},"excerpt":{"rendered":"","protected":false},"author":1,"featured_media":0,"parent":0,"menu_order":30,"comment_status":"closed","ping_status":"closed","template":"","meta":{"footnotes":""},"class_list":["post-5302","page","type-page","status-publish","hentry"],"yoast_head":"<!-- This site is optimized with the Yoast SEO plugin v25.1 - https:\/\/yoast.com\/wordpress\/plugins\/seo\/ -->\n<title>Nuestros servicios - Asb Service Srl<\/title>\n<meta name=\"robots\" content=\"index, follow, max-snippet:-1, max-image-preview:large, max-video-preview:-1\" \/>\n<link rel=\"canonical\" href=\"https:\/\/www.asbservice.it\/es\/nuestros-servicios\/\" \/>\n<meta property=\"og:locale\" content=\"es_ES\" \/>\n<meta property=\"og:type\" content=\"article\" \/>\n<meta property=\"og:title\" content=\"Nuestros servicios - Asb Service Srl\" \/>\n<meta property=\"og:url\" content=\"https:\/\/www.asbservice.it\/es\/nuestros-servicios\/\" \/>\n<meta property=\"og:site_name\" content=\"Asb Service Srl\" \/>\n<meta property=\"article:modified_time\" content=\"2022-07-06T12:31:14+00:00\" \/>\n<meta name=\"twitter:card\" content=\"summary_large_image\" \/>\n<meta name=\"twitter:label1\" content=\"Tiempo de lectura\" \/>\n\t<meta name=\"twitter:data1\" content=\"11 minutos\" \/>\n<script type=\"application\/ld+json\" class=\"yoast-schema-graph\">{\"@context\":\"https:\/\/schema.org\",\"@graph\":[{\"@type\":\"WebPage\",\"@id\":\"https:\/\/www.asbservice.it\/es\/nuestros-servicios\/\",\"url\":\"https:\/\/www.asbservice.it\/es\/nuestros-servicios\/\",\"name\":\"Nuestros servicios - Asb Service Srl\",\"isPartOf\":{\"@id\":\"https:\/\/www.asbservice.it\/#website\"},\"datePublished\":\"2022-07-04T14:00:42+00:00\",\"dateModified\":\"2022-07-06T12:31:14+00:00\",\"breadcrumb\":{\"@id\":\"https:\/\/www.asbservice.it\/es\/nuestros-servicios\/#breadcrumb\"},\"inLanguage\":\"es\",\"potentialAction\":[{\"@type\":\"ReadAction\",\"target\":[\"https:\/\/www.asbservice.it\/es\/nuestros-servicios\/\"]}]},{\"@type\":\"BreadcrumbList\",\"@id\":\"https:\/\/www.asbservice.it\/es\/nuestros-servicios\/#breadcrumb\",\"itemListElement\":[{\"@type\":\"ListItem\",\"position\":1,\"name\":\"Home\",\"item\":\"https:\/\/www.asbservice.it\/es\/\"},{\"@type\":\"ListItem\",\"position\":2,\"name\":\"Nuestros servicios\"}]},{\"@type\":\"WebSite\",\"@id\":\"https:\/\/www.asbservice.it\/#website\",\"url\":\"https:\/\/www.asbservice.it\/\",\"name\":\"Asb Service Srl\",\"description\":\"Il nuovo hub di ricambi multimarca per l\u2019industria della carta tissue\",\"publisher\":{\"@id\":\"https:\/\/www.asbservice.it\/#organization\"},\"potentialAction\":[{\"@type\":\"SearchAction\",\"target\":{\"@type\":\"EntryPoint\",\"urlTemplate\":\"https:\/\/www.asbservice.it\/?s={search_term_string}\"},\"query-input\":{\"@type\":\"PropertyValueSpecification\",\"valueRequired\":true,\"valueName\":\"search_term_string\"}}],\"inLanguage\":\"es\"},{\"@type\":\"Organization\",\"@id\":\"https:\/\/www.asbservice.it\/#organization\",\"name\":\"ASB Service Srl\",\"url\":\"https:\/\/www.asbservice.it\/\",\"logo\":{\"@type\":\"ImageObject\",\"inLanguage\":\"es\",\"@id\":\"https:\/\/www.asbservice.it\/#\/schema\/logo\/image\/\",\"url\":\"https:\/\/www.asbservice.it\/wp-content\/uploads\/2022\/06\/LOGO-ASB-senza-claim468-156.png\",\"contentUrl\":\"https:\/\/www.asbservice.it\/wp-content\/uploads\/2022\/06\/LOGO-ASB-senza-claim468-156.png\",\"width\":468,\"height\":156,\"caption\":\"ASB Service Srl\"},\"image\":{\"@id\":\"https:\/\/www.asbservice.it\/#\/schema\/logo\/image\/\"}}]}<\/script>\n<!-- \/ Yoast SEO plugin. -->","yoast_head_json":{"title":"Nuestros servicios - Asb Service Srl","robots":{"index":"index","follow":"follow","max-snippet":"max-snippet:-1","max-image-preview":"max-image-preview:large","max-video-preview":"max-video-preview:-1"},"canonical":"https:\/\/www.asbservice.it\/es\/nuestros-servicios\/","og_locale":"es_ES","og_type":"article","og_title":"Nuestros servicios - Asb Service Srl","og_url":"https:\/\/www.asbservice.it\/es\/nuestros-servicios\/","og_site_name":"Asb Service Srl","article_modified_time":"2022-07-06T12:31:14+00:00","twitter_card":"summary_large_image","twitter_misc":{"Tiempo de lectura":"11 minutos"},"schema":{"@context":"https:\/\/schema.org","@graph":[{"@type":"WebPage","@id":"https:\/\/www.asbservice.it\/es\/nuestros-servicios\/","url":"https:\/\/www.asbservice.it\/es\/nuestros-servicios\/","name":"Nuestros servicios - Asb Service Srl","isPartOf":{"@id":"https:\/\/www.asbservice.it\/#website"},"datePublished":"2022-07-04T14:00:42+00:00","dateModified":"2022-07-06T12:31:14+00:00","breadcrumb":{"@id":"https:\/\/www.asbservice.it\/es\/nuestros-servicios\/#breadcrumb"},"inLanguage":"es","potentialAction":[{"@type":"ReadAction","target":["https:\/\/www.asbservice.it\/es\/nuestros-servicios\/"]}]},{"@type":"BreadcrumbList","@id":"https:\/\/www.asbservice.it\/es\/nuestros-servicios\/#breadcrumb","itemListElement":[{"@type":"ListItem","position":1,"name":"Home","item":"https:\/\/www.asbservice.it\/es\/"},{"@type":"ListItem","position":2,"name":"Nuestros servicios"}]},{"@type":"WebSite","@id":"https:\/\/www.asbservice.it\/#website","url":"https:\/\/www.asbservice.it\/","name":"Asb Service Srl","description":"Il nuovo hub di ricambi multimarca per l\u2019industria della carta tissue","publisher":{"@id":"https:\/\/www.asbservice.it\/#organization"},"potentialAction":[{"@type":"SearchAction","target":{"@type":"EntryPoint","urlTemplate":"https:\/\/www.asbservice.it\/?s={search_term_string}"},"query-input":{"@type":"PropertyValueSpecification","valueRequired":true,"valueName":"search_term_string"}}],"inLanguage":"es"},{"@type":"Organization","@id":"https:\/\/www.asbservice.it\/#organization","name":"ASB Service Srl","url":"https:\/\/www.asbservice.it\/","logo":{"@type":"ImageObject","inLanguage":"es","@id":"https:\/\/www.asbservice.it\/#\/schema\/logo\/image\/","url":"https:\/\/www.asbservice.it\/wp-content\/uploads\/2022\/06\/LOGO-ASB-senza-claim468-156.png","contentUrl":"https:\/\/www.asbservice.it\/wp-content\/uploads\/2022\/06\/LOGO-ASB-senza-claim468-156.png","width":468,"height":156,"caption":"ASB Service Srl"},"image":{"@id":"https:\/\/www.asbservice.it\/#\/schema\/logo\/image\/"}}]}},"_links":{"self":[{"href":"https:\/\/www.asbservice.it\/es\/wp-json\/wp\/v2\/pages\/5302","targetHints":{"allow":["GET"]}}],"collection":[{"href":"https:\/\/www.asbservice.it\/es\/wp-json\/wp\/v2\/pages"}],"about":[{"href":"https:\/\/www.asbservice.it\/es\/wp-json\/wp\/v2\/types\/page"}],"author":[{"embeddable":true,"href":"https:\/\/www.asbservice.it\/es\/wp-json\/wp\/v2\/users\/1"}],"replies":[{"embeddable":true,"href":"https:\/\/www.asbservice.it\/es\/wp-json\/wp\/v2\/comments?post=5302"}],"version-history":[{"count":9,"href":"https:\/\/www.asbservice.it\/es\/wp-json\/wp\/v2\/pages\/5302\/revisions"}],"predecessor-version":[{"id":5329,"href":"https:\/\/www.asbservice.it\/es\/wp-json\/wp\/v2\/pages\/5302\/revisions\/5329"}],"wp:attachment":[{"href":"https:\/\/www.asbservice.it\/es\/wp-json\/wp\/v2\/media?parent=5302"}],"curies":[{"name":"wp","href":"https:\/\/api.w.org\/{rel}","templated":true}]}}